{"id":2726,"date":"2021-10-06T14:09:00","date_gmt":"2021-10-06T14:09:00","guid":{"rendered":"https:\/\/5illes.reinventa.agency\/schenken-sie-5illes\/"},"modified":"2025-07-03T11:31:44","modified_gmt":"2025-07-03T11:31:44","slug":"schenken-sie-5illes","status":"publish","type":"page","link":"https:\/\/5illesmallorca.com\/de\/schenken-sie-5illes\/","title":{"rendered":"SCHENKEN SIE 5illes"},"content":{"rendered":"<div class=\"wpb-content-wrapper\"><p>[vc_section el_class=&#8220;seccion-cabecera&#8220;][vc_row row_type=&#8220;full_width&#8220; type=&#8220;container&#8220; awb_type=&#8220;image&#8220; awb_stretch=&#8220;1&#8243; awb_image_background_position=&#8220;0% 50%&#8220; awb_color=&#8220;rgba(21,141,159,0.65)&#8220; el_class=&#8220;white-text&#8220; awb_image=&#8220;598&#8243;][vc_column][vc_raw_html]JTNDZGl2JTIwY2xhc3MlM0QlMjJkeW5hbWljLXNwYWNlciUyMiUzRSUzQyUyRmRpdiUzRQ==[\/vc_raw_html][vc_column_text css_animation=&#8220;fadeInUp&#8220;]<\/p>\n<h1><small>SCHENKEN SIE 5illes<\/small><br \/>\nEs gibt kein besseres Geschenk<br \/>\nals ein unvergessliches Erlebnis<\/h1>\n<p>[\/vc_column_text][\/vc_column][\/vc_row][\/vc_section][vc_section][vc_row row_type=&#8220;full_width&#8220; type=&#8220;container&#8220; el_class=&#8220;text-center&#8220;][vc_column width=&#8220;1\/4&#8243;][\/vc_column][vc_column width=&#8220;1\/2&#8243;]<div class=\"ult-spacer spacer-69f613f8486bf\" data-id=\"69f613f8486bf\" data-height=\"80\" data-height-mobile=\"80\" data-height-tab=\"80\" data-height-tab-portrait=\"\" data-height-mobile-landscape=\"\" style=\"clear:both;display:block;\"><\/div>[vc_column_text css_animation=&#8220;fadeInDown&#8220;]<\/p>\n<h2>Geschenkgutschein<\/h2>\n<p>[\/vc_column_text][vc_column_text]Weil es immer am besten ist, seinen Lieben Erinnerungen zu schenken, bieten wir Ihnen bei 5illes unsere Geschenkgutscheine an, ein Geschenk f\u00fcr die f\u00fcnf Sinne.<\/p>\n<p>W\u00e4hlen Sie den Betrag, den Sie verschenken m\u00f6chten, und Ihre Nachricht f\u00fcr diesen besonderen Menschen aus, und wir k\u00fcmmern uns um den Rest.<\/p>\n<p><span style=\"text-decoration: underline;\"><a id=\"popup-regala-btn\" href=\"#\">See conditions<\/a><\/span>[\/vc_column_text][\/vc_column][vc_column width=&#8220;1\/4&#8243;][\/vc_column][\/vc_row][vc_row row_type=&#8220;full_width&#8220; type=&#8220;container&#8220; el_class=&#8220;text-center&#8220;][vc_column width=&#8220;1\/2&#8243; el_class=&#8220;image-rotate&#8220;]<div class=\"ult-spacer spacer-69f613f8487a2\" data-id=\"69f613f8487a2\" data-height=\"80\" data-height-mobile=\"80\" data-height-tab=\"80\" data-height-tab-portrait=\"\" data-height-mobile-landscape=\"\" style=\"clear:both;display:block;\"><\/div>[vc_single_image image=&#8220;620&#8243; img_size=&#8220;large&#8220; alignment=&#8220;center&#8220; css_animation=&#8220;fadeInUp&#8220; el_class=&#8220;positive-rotate&#8220;]<div class=\"ult-spacer spacer-69f613f848852\" data-id=\"69f613f848852\" data-height=\"80\" data-height-mobile=\"40\" data-height-tab=\"\" data-height-tab-portrait=\"\" data-height-mobile-landscape=\"40\" style=\"clear:both;display:block;\"><\/div>[\/vc_column][vc_column width=&#8220;1\/2&#8243; el_class=&#8220;text-center regala&#8220;][vc_raw_html]JTNDc2NyaXB0JTIwdHlwZSUzRCUyMnRleHQlMkZqYXZhc2NyaXB0JTIyJTIwc3JjJTNEJTIyaHR0cHMlM0ElMkYlMkZ3d3cuY292ZXJtYW5hZ2VyLmNvbSUyRnJlc2VydmF0aW9uJTJGZ3RtY3Jvc3Nkb21haW4lMkZyZXN0YXVyYW50ZS01aWxsZXNwb3J0JTIyJTNFJTNDJTJGc2NyaXB0JTNFJTNDaWZyYW1lJTIwbG9hZGluZyUzRCUyMmxhenklMjIlMjBpZCUzRCUyMnJlc3RhdXJhbnRlLTVpbGxlc3BvcnQlMjIlMjB0aXRsZSUzRCUyMlJlc2VydmFzJTIyJTIwc3JjJTNEJTIyaHR0cHMlM0ElMkYlMkZ3d3cuY292ZXJtYW5hZ2VyLmNvbSUyRnJlc2VydmF0aW9uJTJGbW9kdWxlX3Jlc3RhdXJhbnQlMkZyZXN0YXVyYW50ZS01aWxsZXNwb3J0JTJGc3BhbmlzaCUyMiUyMGZyYW1lYm9yZGVyJTNEJTIyMCUyMiUyMGhlaWdodCUzRCUyMjU1MCUyMiUyMHdpZHRoJTNEJTIyMTAwJTI1JTIyJTIwb25sb2FkJTNEJTIyaUZyYW1lUmVzaXplJTI4JTI5JTNCJTIyJTIwZGF0YS1yb2NrZXQtbGF6eWxvYWQlM0QlMjJmaXR2aWRzY29tcGF0aWJsZSUyMiUyMGNsYXNzJTNEJTIybGF6eWxvYWRlZCUyMiUyMGRhdGEtbGwtc3RhdHVzJTNEJTIybG9hZGVkJTIyJTIwc2Nyb2xsaW5nJTNEJTIybm8lMjIlMjBzdHlsZSUzRCUyMm92ZXJmbG93JTNBJTIwaGlkZGVuJTNCJTIwaGVpZ2h0JTNBJTIwNDk4cHglM0IlMjIlM0UlM0MlMkZpZnJhbWUlM0UlM0Nub3NjcmlwdCUzRSUzQ2lmcmFtZSUyMCUyMCUyMCUyMCUyMCUyMCUyMCUyMCUyMCUyMCUyMCUyMCUyMCUyMCUyMCUyMCUyMCUyMCUyMCUyMCUyMCUyMCUyMCUyMCUyMCUyMCUyMCUyMCUyMCUyMCUyMCUyMCUyMCUyMCUyMCUyMCUyMCUyMCUyMCUyMCUyMCUyMCUyMCUyMCUyMCUyMCUyMCUyMCUyMCUyMCUyMCUyMCUyMCUyMCUyMCUyMGlkJTNEJTIycmVzdGF1cmFudGUtNWlsbGVzcG9ydCUyMiUyMHRpdGxlJTNEJTIyUmVzZXJ2YXMlMjIlMjAlMjAlMjAlMjAlMjAlMjAlMjAlMjAlMjAlMjAlMjAlMjAlMjAlMjAlMjAlMjAlMjAlMjAlMjAlMjAlMjAlMjAlMjAlMjAlMjAlMjAlMjAlMjAlMjAlMjAlMjAlMjAlMjAlMjAlMjAlMjAlMjAlMjAlMjAlMjAlMjAlMjAlMjAlMjAlMjAlMjAlMjAlMjAlMjAlMjAlMjAlMjAlMjAlMjAlMjAlMjAlMjAlMjAlMjBzcmMlM0QlMjJodHRwcyUzQSUyRiUyRnd3dy5jb3Zlcm1hbmFnZXIuY29tJTJGcmVzZXJ2YXRpb24lMkZtb2R1bGVfcmVzdGF1cmFudCUyRnJlc3RhdXJhbnRlLTVpbGxlc3BvcnQlMkZzcGFuaXNoJTIyJTIwZnJhbWVib3JkZXIlM0QlMjIwJTIyJTIwaGVpZ2h0JTNEJTIyNTUwJTIyJTIwd2lkdGglM0QlMjIxMDAlMjUlMjIlMjBvbmxvYWQlM0QlMjJpRnJhbWVSZXNpemUlMjglMjklM0IlMjIlM0UlM0MlMkZpZnJhbWUlM0UlM0MlMkZub3NjcmlwdCUzRQ==[\/vc_raw_html]<div class=\"ult-spacer spacer-69f613f8488ea\" data-id=\"69f613f8488ea\" data-height=\"80\" data-height-mobile=\"0\" data-height-tab=\"0\" data-height-tab-portrait=\"0\" data-height-mobile-landscape=\"0\" style=\"clear:both;display:block;\"><\/div>[vc_column_text]G\u00fcltig in:[\/vc_column_text][vc_row_inner][vc_column_inner width=&#8220;1\/3&#8243; offset=&#8220;vc_col-xs-3&#8243;][vc_single_image image=&#8220;501&#8243; img_size=&#8220;full&#8220; alignment=&#8220;center&#8220; css_animation=&#8220;fadeInUp&#8220;][\/vc_column_inner][vc_column_inner width=&#8220;1\/3&#8243; offset=&#8220;vc_col-xs-3&#8243;][vc_single_image image=&#8220;502&#8243; img_size=&#8220;full&#8220; alignment=&#8220;center&#8220; css_animation=&#8220;fadeInUp&#8220;][\/vc_column_inner][vc_column_inner width=&#8220;1\/3&#8243; offset=&#8220;vc_col-xs-3&#8243;][vc_single_image image=&#8220;504&#8243; img_size=&#8220;full&#8220; alignment=&#8220;center&#8220; css_animation=&#8220;fadeInUp&#8220;][\/vc_column_inner][\/vc_row_inner]<div class=\"ult-spacer spacer-69f613f848962\" data-id=\"69f613f848962\" data-height=\"80\" data-height-mobile=\"80\" data-height-tab=\"80\" data-height-tab-portrait=\"\" data-height-mobile-landscape=\"\" style=\"clear:both;display:block;\"><\/div>[\/vc_column][\/vc_row][\/vc_section]<\/p>\n<\/div>","protected":false},"excerpt":{"rendered":"<p>[vc_section el_class=&#8220;seccion-cabecera&#8220;][vc_row row_type=&#8220;full_width&#8220; type=&#8220;container&#8220; awb_type=&#8220;image&#8220; awb_stretch=&#8220;1&#8243; awb_image_background_position=&#8220;0% 50%&#8220; awb_color=&#8220;rgba(21,141,159,0.65)&#8220; el_class=&#8220;white-text&#8220; awb_image=&#8220;598&#8243;][vc_column][vc_raw_html]JTNDZGl2JTIwY2xhc3MlM0QlMjJkeW5hbWljLXNwYWNlciUyMiUzRSUzQyUyRmRpdiUzRQ==[\/vc_raw_html][vc_column_text css_animation=&#8220;fadeInUp&#8220;] SCHENKEN SIE 5illes Es gibt kein besseres Geschenk als ein unvergessliches Erlebnis [\/vc_column_text][\/vc_column][\/vc_row][\/vc_section][vc_section][vc_row row_type=&#8220;full_width&#8220; type=&#8220;container&#8220; el_class=&#8220;text-center&#8220;][vc_column width=&#8220;1\/4&#8243;][\/vc_column][vc_column width=&#8220;1\/2&#8243;][vc_column_text css_animation=&#8220;fadeInDown&#8220;] Geschenkgutschein [\/vc_column_text][vc_column_text]Weil es immer am besten ist, seinen Lieben Erinnerungen zu schenken, bieten wir Ihnen bei 5illes unsere Geschenkgutscheine an, ein Geschenk f\u00fcr die [&hellip;]<\/p>\n","protected":false},"author":2,"featured_media":0,"parent":0,"menu_order":0,"comment_status":"closed","ping_status":"closed","template":"template-page-full.php","meta":{"footnotes":""},"class_list":["post-2726","page","type-page","status-publish","hentry"],"yoast_head":"<!-- This site is optimized with the Yoast SEO plugin v27.1.1 - https:\/\/yoast.com\/product\/yoast-seo-wordpress\/ -->\n<title>SCHENKEN SIE 5illes - 5illes<\/title>\n<meta name=\"robots\" content=\"noindex, nofollow\" \/>\n<meta property=\"og:locale\" content=\"de_DE\" \/>\n<meta property=\"og:type\" content=\"article\" \/>\n<meta property=\"og:title\" content=\"SCHENKEN SIE 5illes - 5illes\" \/>\n<meta property=\"og:description\" content=\"[vc_section el_class=&#8220;seccion-cabecera&#8220;][vc_row row_type=&#8220;full_width&#8220; type=&#8220;container&#8220; awb_type=&#8220;image&#8220; awb_stretch=&#8220;1&#8243; awb_image_background_position=&#8220;0% 50%&#8220; awb_color=&#8220;rgba(21,141,159,0.65)&#8220; el_class=&#8220;white-text&#8220; awb_image=&#8220;598&#8243;][vc_column][vc_raw_html]JTNDZGl2JTIwY2xhc3MlM0QlMjJkeW5hbWljLXNwYWNlciUyMiUzRSUzQyUyRmRpdiUzRQ==[\/vc_raw_html][vc_column_text css_animation=&#8220;fadeInUp&#8220;] SCHENKEN SIE 5illes Es gibt kein besseres Geschenk als ein unvergessliches Erlebnis [\/vc_column_text][\/vc_column][\/vc_row][\/vc_section][vc_section][vc_row row_type=&#8220;full_width&#8220; type=&#8220;container&#8220; el_class=&#8220;text-center&#8220;][vc_column width=&#8220;1\/4&#8243;][\/vc_column][vc_column width=&#8220;1\/2&#8243;][vc_column_text css_animation=&#8220;fadeInDown&#8220;] Geschenkgutschein [\/vc_column_text][vc_column_text]Weil es immer am besten ist, seinen Lieben Erinnerungen zu schenken, bieten wir Ihnen bei 5illes unsere Geschenkgutscheine an, ein Geschenk f\u00fcr die [&hellip;]\" \/>\n<meta property=\"og:url\" content=\"https:\/\/5illesmallorca.com\/de\/schenken-sie-5illes\/\" \/>\n<meta property=\"og:site_name\" content=\"5illes\" \/>\n<meta property=\"article:modified_time\" content=\"2025-07-03T11:31:44+00:00\" \/>\n<meta name=\"twitter:card\" content=\"summary_large_image\" \/>\n<meta name=\"twitter:label1\" content=\"Gesch\u00e4tzte Lesezeit\" \/>\n\t<meta name=\"twitter:data1\" content=\"1\u00a0Minute\" \/>\n<script type=\"application\/ld+json\" class=\"yoast-schema-graph\">{\"@context\":\"https:\/\/schema.org\",\"@graph\":[{\"@type\":\"WebPage\",\"@id\":\"https:\/\/5illesmallorca.com\/de\/schenken-sie-5illes\/\",\"url\":\"https:\/\/5illesmallorca.com\/de\/schenken-sie-5illes\/\",\"name\":\"SCHENKEN SIE 5illes - 5illes\",\"isPartOf\":{\"@id\":\"https:\/\/5illesmallorca.com\/#website\"},\"datePublished\":\"2021-10-06T14:09:00+00:00\",\"dateModified\":\"2025-07-03T11:31:44+00:00\",\"breadcrumb\":{\"@id\":\"https:\/\/5illesmallorca.com\/de\/schenken-sie-5illes\/#breadcrumb\"},\"inLanguage\":\"de\",\"potentialAction\":[{\"@type\":\"ReadAction\",\"target\":[\"https:\/\/5illesmallorca.com\/de\/schenken-sie-5illes\/\"]}]},{\"@type\":\"BreadcrumbList\",\"@id\":\"https:\/\/5illesmallorca.com\/de\/schenken-sie-5illes\/#breadcrumb\",\"itemListElement\":[{\"@type\":\"ListItem\",\"position\":1,\"name\":\"Portada\",\"item\":\"https:\/\/5illesmallorca.com\/de\/\"},{\"@type\":\"ListItem\",\"position\":2,\"name\":\"SCHENKEN SIE 5illes\"}]},{\"@type\":\"WebSite\",\"@id\":\"https:\/\/5illesmallorca.com\/#website\",\"url\":\"https:\/\/5illesmallorca.com\/\",\"name\":\"5illes\",\"description\":\"Restaurantes gastron\u00f3micos en Mallorca\",\"potentialAction\":[{\"@type\":\"SearchAction\",\"target\":{\"@type\":\"EntryPoint\",\"urlTemplate\":\"https:\/\/5illesmallorca.com\/?s={search_term_string}\"},\"query-input\":{\"@type\":\"PropertyValueSpecification\",\"valueRequired\":true,\"valueName\":\"search_term_string\"}}],\"inLanguage\":\"de\"}]}<\/script>\n<!-- \/ Yoast SEO plugin. -->","yoast_head_json":{"title":"SCHENKEN SIE 5illes - 5illes","robots":{"index":"noindex","follow":"nofollow"},"og_locale":"de_DE","og_type":"article","og_title":"SCHENKEN SIE 5illes - 5illes","og_description":"[vc_section el_class=&#8220;seccion-cabecera&#8220;][vc_row row_type=&#8220;full_width&#8220; type=&#8220;container&#8220; awb_type=&#8220;image&#8220; awb_stretch=&#8220;1&#8243; awb_image_background_position=&#8220;0% 50%&#8220; awb_color=&#8220;rgba(21,141,159,0.65)&#8220; el_class=&#8220;white-text&#8220; awb_image=&#8220;598&#8243;][vc_column][vc_raw_html]JTNDZGl2JTIwY2xhc3MlM0QlMjJkeW5hbWljLXNwYWNlciUyMiUzRSUzQyUyRmRpdiUzRQ==[\/vc_raw_html][vc_column_text css_animation=&#8220;fadeInUp&#8220;] SCHENKEN SIE 5illes Es gibt kein besseres Geschenk als ein unvergessliches Erlebnis [\/vc_column_text][\/vc_column][\/vc_row][\/vc_section][vc_section][vc_row row_type=&#8220;full_width&#8220; type=&#8220;container&#8220; el_class=&#8220;text-center&#8220;][vc_column width=&#8220;1\/4&#8243;][\/vc_column][vc_column width=&#8220;1\/2&#8243;][vc_column_text css_animation=&#8220;fadeInDown&#8220;] Geschenkgutschein [\/vc_column_text][vc_column_text]Weil es immer am besten ist, seinen Lieben Erinnerungen zu schenken, bieten wir Ihnen bei 5illes unsere Geschenkgutscheine an, ein Geschenk f\u00fcr die [&hellip;]","og_url":"https:\/\/5illesmallorca.com\/de\/schenken-sie-5illes\/","og_site_name":"5illes","article_modified_time":"2025-07-03T11:31:44+00:00","twitter_card":"summary_large_image","twitter_misc":{"Gesch\u00e4tzte Lesezeit":"1\u00a0Minute"},"schema":{"@context":"https:\/\/schema.org","@graph":[{"@type":"WebPage","@id":"https:\/\/5illesmallorca.com\/de\/schenken-sie-5illes\/","url":"https:\/\/5illesmallorca.com\/de\/schenken-sie-5illes\/","name":"SCHENKEN SIE 5illes - 5illes","isPartOf":{"@id":"https:\/\/5illesmallorca.com\/#website"},"datePublished":"2021-10-06T14:09:00+00:00","dateModified":"2025-07-03T11:31:44+00:00","breadcrumb":{"@id":"https:\/\/5illesmallorca.com\/de\/schenken-sie-5illes\/#breadcrumb"},"inLanguage":"de","potentialAction":[{"@type":"ReadAction","target":["https:\/\/5illesmallorca.com\/de\/schenken-sie-5illes\/"]}]},{"@type":"BreadcrumbList","@id":"https:\/\/5illesmallorca.com\/de\/schenken-sie-5illes\/#breadcrumb","itemListElement":[{"@type":"ListItem","position":1,"name":"Portada","item":"https:\/\/5illesmallorca.com\/de\/"},{"@type":"ListItem","position":2,"name":"SCHENKEN SIE 5illes"}]},{"@type":"WebSite","@id":"https:\/\/5illesmallorca.com\/#website","url":"https:\/\/5illesmallorca.com\/","name":"5illes","description":"Restaurantes gastron\u00f3micos en Mallorca","potentialAction":[{"@type":"SearchAction","target":{"@type":"EntryPoint","urlTemplate":"https:\/\/5illesmallorca.com\/?s={search_term_string}"},"query-input":{"@type":"PropertyValueSpecification","valueRequired":true,"valueName":"search_term_string"}}],"inLanguage":"de"}]}},"_links":{"self":[{"href":"https:\/\/5illesmallorca.com\/de\/wp-json\/wp\/v2\/pages\/2726","targetHints":{"allow":["GET"]}}],"collection":[{"href":"https:\/\/5illesmallorca.com\/de\/wp-json\/wp\/v2\/pages"}],"about":[{"href":"https:\/\/5illesmallorca.com\/de\/wp-json\/wp\/v2\/types\/page"}],"author":[{"embeddable":true,"href":"https:\/\/5illesmallorca.com\/de\/wp-json\/wp\/v2\/users\/2"}],"replies":[{"embeddable":true,"href":"https:\/\/5illesmallorca.com\/de\/wp-json\/wp\/v2\/comments?post=2726"}],"version-history":[{"count":8,"href":"https:\/\/5illesmallorca.com\/de\/wp-json\/wp\/v2\/pages\/2726\/revisions"}],"predecessor-version":[{"id":61562,"href":"https:\/\/5illesmallorca.com\/de\/wp-json\/wp\/v2\/pages\/2726\/revisions\/61562"}],"wp:attachment":[{"href":"https:\/\/5illesmallorca.com\/de\/wp-json\/wp\/v2\/media?parent=2726"}],"curies":[{"name":"wp","href":"https:\/\/api.w.org\/{rel}","templated":true}]}}