{"id":4765,"date":"2021-11-10T12:16:23","date_gmt":"2021-11-10T12:16:23","guid":{"rendered":"https:\/\/5illes.reinventa.agency\/tapas-auf-mallorca\/carta\/"},"modified":"2026-03-27T08:44:11","modified_gmt":"2026-03-27T08:44:11","slug":"carta","status":"publish","type":"page","link":"https:\/\/5illesmallorca.com\/de\/tapas-auf-mallorca\/carta\/","title":{"rendered":"Carta"},"content":{"rendered":"<div class=\"wpb-content-wrapper\"><p>[vc_section el_class=&#8220;seccion-cabecera&#8220;][vc_row row_type=&#8220;full_width&#8220; type=&#8220;container&#8220; awb_type=&#8220;image&#8220; awb_stretch=&#8220;1&#8243; awb_image_background_position=&#8220;0% 100%&#8220; awb_color=&#8220;rgba(21,141,159,0.65)&#8220; el_class=&#8220;white-text&#8220; awb_image=&#8220;310&#8243;][vc_column][vc_raw_html]PGRpdiBjbGFzcz0iZHluYW1pYy1zcGFjZXIiPjwvZGl2Pg==[\/vc_raw_html][vc_column_text css_animation=&#8220;fadeInUp&#8220;]<\/p>\n<h1><small>CARTA<\/small><br \/>\n\u00b7Cocina Mediterr\u00e1nea\u00b7<br \/>\n\u00b7Platos tradicionales y creativos \u00b7<\/h1>\n<p>[\/vc_column_text][\/vc_column][\/vc_row][\/vc_section][vc_section el_class=&#8220;cartas&#8220;][\/vc_section][vc_row][vc_column][\/vc_column][\/vc_row][vc_row][vc_column][vc_single_image image=&#8220;63563&#8243; img_size=&#8220;Full&#8220; css=&#8220;&#8220;][vc_column_text]<\/p>\n<h2>COMIDA<\/h2>\n<p>[\/vc_column_text][vc_single_image image=&#8220;63527&#8243; img_size=&#8220;Full&#8220; css=&#8220;&#8220;][vc_single_image image=&#8220;63544&#8243; img_size=&#8220;Full&#8220; css=&#8220;&#8220;][vc_single_image image=&#8220;63553&#8243; img_size=&#8220;Full&#8220; css=&#8220;&#8220;][vc_single_image image=&#8220;63518&#8243; img_size=&#8220;Full&#8220; css=&#8220;&#8220;][vc_column_text]<\/p>\n<h2>POSTRE \/ CAF\u00c9S<\/h2>\n<p>[\/vc_column_text][vc_single_image image=&#8220;63515&#8243; img_size=&#8220;Full&#8220; css=&#8220;&#8220;][vc_column_text]<\/p>\n<h2>BEBIDAS<\/h2>\n<p>[\/vc_column_text][vc_single_image image=&#8220;63537&#8243; img_size=&#8220;Full&#8220; css=&#8220;&#8220;][vc_single_image image=&#8220;63509&#8243; img_size=&#8220;Full&#8220; css=&#8220;&#8220;][vc_single_image image=&#8220;63506&#8243; img_size=&#8220;Full&#8220; css=&#8220;&#8220;][vc_single_image image=&#8220;63503&#8243; img_size=&#8220;Full&#8220; css=&#8220;&#8220;][\/vc_column][\/vc_row]<\/p>\n<\/div>","protected":false},"excerpt":{"rendered":"<p>[vc_section el_class=&#8220;seccion-cabecera&#8220;][vc_row row_type=&#8220;full_width&#8220; type=&#8220;container&#8220; awb_type=&#8220;image&#8220; awb_stretch=&#8220;1&#8243; awb_image_background_position=&#8220;0% 100%&#8220; awb_color=&#8220;rgba(21,141,159,0.65)&#8220; el_class=&#8220;white-text&#8220; awb_image=&#8220;310&#8243;][vc_column][vc_raw_html]PGRpdiBjbGFzcz0iZHluYW1pYy1zcGFjZXIiPjwvZGl2Pg==[\/vc_raw_html][vc_column_text css_animation=&#8220;fadeInUp&#8220;] CARTA \u00b7Cocina Mediterr\u00e1nea\u00b7 \u00b7Platos tradicionales y creativos \u00b7 [\/vc_column_text][\/vc_column][\/vc_row][\/vc_section][vc_section el_class=&#8220;cartas&#8220;][\/vc_section][vc_row][vc_column][\/vc_column][\/vc_row][vc_row][vc_column][vc_single_image image=&#8220;63563&#8243; img_size=&#8220;Full&#8220; css=&#8220;&#8220;][vc_column_text] COMIDA [\/vc_column_text][vc_single_image image=&#8220;63527&#8243; img_size=&#8220;Full&#8220; css=&#8220;&#8220;][vc_single_image image=&#8220;63544&#8243; img_size=&#8220;Full&#8220; css=&#8220;&#8220;][vc_single_image image=&#8220;63553&#8243; img_size=&#8220;Full&#8220; css=&#8220;&#8220;][vc_single_image image=&#8220;63518&#8243; img_size=&#8220;Full&#8220; css=&#8220;&#8220;][vc_column_text] POSTRE \/ CAF\u00c9S [\/vc_column_text][vc_single_image image=&#8220;63515&#8243; img_size=&#8220;Full&#8220; css=&#8220;&#8220;][vc_column_text] BEBIDAS [\/vc_column_text][vc_single_image image=&#8220;63537&#8243; img_size=&#8220;Full&#8220; css=&#8220;&#8220;][vc_single_image image=&#8220;63509&#8243; img_size=&#8220;Full&#8220; css=&#8220;&#8220;][vc_single_image image=&#8220;63506&#8243; [&hellip;]<\/p>\n","protected":false},"author":2,"featured_media":0,"parent":2758,"menu_order":0,"comment_status":"closed","ping_status":"closed","template":"template-page-full.php","meta":{"footnotes":""},"class_list":["post-4765","page","type-page","status-publish","hentry"],"yoast_head":"<!-- This site is optimized with the Yoast SEO plugin v27.1.1 - https:\/\/yoast.com\/product\/yoast-seo-wordpress\/ -->\n<title>Carta - 5illes<\/title>\n<meta name=\"description\" content=\"MEN\u00dc 5illes EAT&amp;DRINK. Mediterrane K\u00fcche, traditionelle Gerichte mit der Kreativit\u00e4t innovativer Optionen\" \/>\n<meta name=\"robots\" content=\"index, follow, max-snippet:-1, max-image-preview:large, max-video-preview:-1\" \/>\n<link rel=\"canonical\" href=\"https:\/\/5illesmallorca.com\/tapas-en-mallorca\/carta\/\" \/>\n<meta property=\"og:locale\" content=\"de_DE\" \/>\n<meta property=\"og:type\" content=\"article\" \/>\n<meta property=\"og:title\" content=\"Carta - 5illes\" \/>\n<meta property=\"og:description\" content=\"MEN\u00dc 5illes EAT&amp;DRINK. Mediterrane K\u00fcche, traditionelle Gerichte mit der Kreativit\u00e4t innovativer Optionen\" \/>\n<meta property=\"og:url\" content=\"https:\/\/5illesmallorca.com\/tapas-en-mallorca\/carta\/\" \/>\n<meta property=\"og:site_name\" content=\"5illes\" \/>\n<meta property=\"article:modified_time\" content=\"2026-03-27T08:44:11+00:00\" \/>\n<meta name=\"twitter:card\" content=\"summary_large_image\" \/>\n<meta name=\"twitter:label1\" content=\"Gesch\u00e4tzte Lesezeit\" \/>\n\t<meta name=\"twitter:data1\" content=\"3\u00a0Minuten\" \/>\n<script type=\"application\/ld+json\" class=\"yoast-schema-graph\">{\"@context\":\"https:\/\/schema.org\",\"@graph\":[{\"@type\":\"WebPage\",\"@id\":\"https:\/\/5illesmallorca.com\/tapas-en-mallorca\/carta\/\",\"url\":\"https:\/\/5illesmallorca.com\/tapas-en-mallorca\/carta\/\",\"name\":\"Carta - 5illes\",\"isPartOf\":{\"@id\":\"https:\/\/5illesmallorca.com\/#website\"},\"datePublished\":\"2021-11-10T12:16:23+00:00\",\"dateModified\":\"2026-03-27T08:44:11+00:00\",\"description\":\"MEN\u00dc 5illes EAT&DRINK. Mediterrane K\u00fcche, traditionelle Gerichte mit der Kreativit\u00e4t innovativer Optionen\",\"breadcrumb\":{\"@id\":\"https:\/\/5illesmallorca.com\/tapas-en-mallorca\/carta\/#breadcrumb\"},\"inLanguage\":\"de\",\"potentialAction\":[{\"@type\":\"ReadAction\",\"target\":[\"https:\/\/5illesmallorca.com\/tapas-en-mallorca\/carta\/\"]}]},{\"@type\":\"BreadcrumbList\",\"@id\":\"https:\/\/5illesmallorca.com\/tapas-en-mallorca\/carta\/#breadcrumb\",\"itemListElement\":[{\"@type\":\"ListItem\",\"position\":1,\"name\":\"Portada\",\"item\":\"https:\/\/5illesmallorca.com\/de\/\"},{\"@type\":\"ListItem\",\"position\":2,\"name\":\"Eat&#038;Drink\",\"item\":\"https:\/\/5illesmallorca.com\/tapas-en-mallorca\/\"},{\"@type\":\"ListItem\",\"position\":3,\"name\":\"Carta\"}]},{\"@type\":\"WebSite\",\"@id\":\"https:\/\/5illesmallorca.com\/#website\",\"url\":\"https:\/\/5illesmallorca.com\/\",\"name\":\"5illes\",\"description\":\"Restaurantes gastron\u00f3micos en Mallorca\",\"potentialAction\":[{\"@type\":\"SearchAction\",\"target\":{\"@type\":\"EntryPoint\",\"urlTemplate\":\"https:\/\/5illesmallorca.com\/?s={search_term_string}\"},\"query-input\":{\"@type\":\"PropertyValueSpecification\",\"valueRequired\":true,\"valueName\":\"search_term_string\"}}],\"inLanguage\":\"de\"}]}<\/script>\n<!-- \/ Yoast SEO plugin. -->","yoast_head_json":{"title":"Carta - 5illes","description":"MEN\u00dc 5illes EAT&DRINK. Mediterrane K\u00fcche, traditionelle Gerichte mit der Kreativit\u00e4t innovativer Optionen","robots":{"index":"index","follow":"follow","max-snippet":"max-snippet:-1","max-image-preview":"max-image-preview:large","max-video-preview":"max-video-preview:-1"},"canonical":"https:\/\/5illesmallorca.com\/tapas-en-mallorca\/carta\/","og_locale":"de_DE","og_type":"article","og_title":"Carta - 5illes","og_description":"MEN\u00dc 5illes EAT&DRINK. Mediterrane K\u00fcche, traditionelle Gerichte mit der Kreativit\u00e4t innovativer Optionen","og_url":"https:\/\/5illesmallorca.com\/tapas-en-mallorca\/carta\/","og_site_name":"5illes","article_modified_time":"2026-03-27T08:44:11+00:00","twitter_card":"summary_large_image","twitter_misc":{"Gesch\u00e4tzte Lesezeit":"3\u00a0Minuten"},"schema":{"@context":"https:\/\/schema.org","@graph":[{"@type":"WebPage","@id":"https:\/\/5illesmallorca.com\/tapas-en-mallorca\/carta\/","url":"https:\/\/5illesmallorca.com\/tapas-en-mallorca\/carta\/","name":"Carta - 5illes","isPartOf":{"@id":"https:\/\/5illesmallorca.com\/#website"},"datePublished":"2021-11-10T12:16:23+00:00","dateModified":"2026-03-27T08:44:11+00:00","description":"MEN\u00dc 5illes EAT&DRINK. Mediterrane K\u00fcche, traditionelle Gerichte mit der Kreativit\u00e4t innovativer Optionen","breadcrumb":{"@id":"https:\/\/5illesmallorca.com\/tapas-en-mallorca\/carta\/#breadcrumb"},"inLanguage":"de","potentialAction":[{"@type":"ReadAction","target":["https:\/\/5illesmallorca.com\/tapas-en-mallorca\/carta\/"]}]},{"@type":"BreadcrumbList","@id":"https:\/\/5illesmallorca.com\/tapas-en-mallorca\/carta\/#breadcrumb","itemListElement":[{"@type":"ListItem","position":1,"name":"Portada","item":"https:\/\/5illesmallorca.com\/de\/"},{"@type":"ListItem","position":2,"name":"Eat&#038;Drink","item":"https:\/\/5illesmallorca.com\/tapas-en-mallorca\/"},{"@type":"ListItem","position":3,"name":"Carta"}]},{"@type":"WebSite","@id":"https:\/\/5illesmallorca.com\/#website","url":"https:\/\/5illesmallorca.com\/","name":"5illes","description":"Restaurantes gastron\u00f3micos en Mallorca","potentialAction":[{"@type":"SearchAction","target":{"@type":"EntryPoint","urlTemplate":"https:\/\/5illesmallorca.com\/?s={search_term_string}"},"query-input":{"@type":"PropertyValueSpecification","valueRequired":true,"valueName":"search_term_string"}}],"inLanguage":"de"}]}},"_links":{"self":[{"href":"https:\/\/5illesmallorca.com\/de\/wp-json\/wp\/v2\/pages\/4765","targetHints":{"allow":["GET"]}}],"collection":[{"href":"https:\/\/5illesmallorca.com\/de\/wp-json\/wp\/v2\/pages"}],"about":[{"href":"https:\/\/5illesmallorca.com\/de\/wp-json\/wp\/v2\/types\/page"}],"author":[{"embeddable":true,"href":"https:\/\/5illesmallorca.com\/de\/wp-json\/wp\/v2\/users\/2"}],"replies":[{"embeddable":true,"href":"https:\/\/5illesmallorca.com\/de\/wp-json\/wp\/v2\/comments?post=4765"}],"version-history":[{"count":52,"href":"https:\/\/5illesmallorca.com\/de\/wp-json\/wp\/v2\/pages\/4765\/revisions"}],"predecessor-version":[{"id":63569,"href":"https:\/\/5illesmallorca.com\/de\/wp-json\/wp\/v2\/pages\/4765\/revisions\/63569"}],"up":[{"embeddable":true,"href":"https:\/\/5illesmallorca.com\/de\/wp-json\/wp\/v2\/pages\/2758"}],"wp:attachment":[{"href":"https:\/\/5illesmallorca.com\/de\/wp-json\/wp\/v2\/media?parent=4765"}],"curies":[{"name":"wp","href":"https:\/\/api.w.org\/{rel}","templated":true}]}}